{"id":16682,"date":"2015-07-15T12:11:59","date_gmt":"2015-07-15T10:11:59","guid":{"rendered":"https:\/\/you-charity.de\/?page_id=16682"},"modified":"2023-08-01T14:35:28","modified_gmt":"2023-08-01T12:35:28","slug":"clauses-de-non-responsabilite","status":"publish","type":"page","link":"https:\/\/you-stiftung.de\/fr\/clauses-de-non-responsabilite\/","title":{"rendered":"Clauses de non responsabilit\u00e9"},"content":{"rendered":"\n<p><strong>Clause de non-responsabilit\u00e9<\/strong><\/p>\n\n\n\n<ol class=\"wp-block-list\">\n<li>Contenu de l&rsquo;offre en ligne L&rsquo;auteur d\u00e9cline toute responsabilit\u00e9 quant \u00e0 l&rsquo;actualit\u00e9, l&rsquo;exactitude, l&rsquo;exhaustivit\u00e9 ou la qualit\u00e9 des informations mises \u00e0 disposition. Les pr\u00e9tentions en responsabilit\u00e9 \u00e0 l&rsquo;encontre de l&rsquo;auteur concernant des dommages mat\u00e9riels ou immat\u00e9riels caus\u00e9s par l&rsquo;utilisation ou la non-utilisation des informations fournies ou par l&rsquo;utilisation d&rsquo;informations incorrectes ou incompl\u00e8tes sont en principe exclues, \u00e0 moins qu&rsquo;il ne soit prouv\u00e9 que l&rsquo;auteur a agi intentionnellement ou grossi\u00e8rement. faute de n\u00e9gligence existe. Toutes les offres sont sans engagement. L&rsquo;auteur se r\u00e9serve express\u00e9ment le droit de modifier, de compl\u00e9ter ou de supprimer des parties de pages ou l&rsquo;ensemble de l&rsquo;offre sans pr\u00e9avis ou d&rsquo;interrompre temporairement ou d\u00e9finitivement la publication.<\/li>\n\n\n\n<li>Renvois et liens En cas de renvois directs ou indirects \u00e0 des sites Web tiers (\u00ab\u00a0hyperliens\u00a0\u00bb) qui ne rel\u00e8vent pas du domaine de responsabilit\u00e9 de l&rsquo;auteur, la responsabilit\u00e9 n&rsquo;entrerait en vigueur que si l&rsquo;auteur avait connaissance du contenu. et savait qu&rsquo;il \u00e9tait techniquement possible et raisonnable d&#8217;emp\u00eacher l&rsquo;utilisation en cas de contenu ill\u00e9gal. L&rsquo;auteur d\u00e9clare express\u00e9ment par la pr\u00e9sente qu&rsquo;aucun contenu ill\u00e9gal n&rsquo;\u00e9tait perceptible sur les pages li\u00e9es au moment de la cr\u00e9ation du lien. L&rsquo;auteur n&rsquo;a aucune influence sur la conception actuelle et future, le contenu ou la paternit\u00e9 des pages li\u00e9es\/connect\u00e9es. Il se distancie donc express\u00e9ment par la pr\u00e9sente de tous les contenus de toutes les pages li\u00e9es \/ connect\u00e9es qui ont \u00e9t\u00e9 modifi\u00e9es apr\u00e8s la cr\u00e9ation du lien. Cette d\u00e9claration s&rsquo;applique \u00e0 tous les liens et r\u00e9f\u00e9rences \u00e9tablis sur notre propre site Web ainsi qu&rsquo;aux entr\u00e9es de tiers dans les livres d&rsquo;or, les forums de discussion et les listes de diffusion cr\u00e9\u00e9s par l&rsquo;auteur. Le fournisseur de la page \u00e0 laquelle il a \u00e9t\u00e9 fait r\u00e9f\u00e9rence est seul responsable des contenus ill\u00e9gaux, incorrects ou incomplets et en particulier des dommages r\u00e9sultant de l&rsquo;utilisation ou de la non-utilisation de ces informations, et non de la personne qui se contente de renvoyer \u00e0 la publication respective via des liens.<\/li>\n\n\n\n<li>Droit d&rsquo;auteur et droit des marques L&rsquo;auteur s&rsquo;efforce de respecter les droits d&rsquo;auteur des graphiques, documents sonores, s\u00e9quences vid\u00e9o et textes utilis\u00e9s dans toutes les publications, d&rsquo;utiliser des graphiques, documents sonores, s\u00e9quences vid\u00e9o et textes qu&rsquo;il a lui-m\u00eame cr\u00e9\u00e9s ou de se r\u00e9f\u00e9rer \u00e0 des licences. graphiques libres, documents sonores, s\u00e9quences vid\u00e9o et textes d&rsquo;acc\u00e8s. Tous les noms de marque et marques d\u00e9pos\u00e9es mentionn\u00e9s sur le site Web et \u00e9ventuellement prot\u00e9g\u00e9s par des tiers sont soumis sans restriction aux dispositions du droit des marques applicable et aux droits de propri\u00e9t\u00e9 du propri\u00e9taire enregistr\u00e9 respectif. La conclusion que les marques ne sont pas prot\u00e9g\u00e9es par les droits des tiers ne doit pas \u00eatre tir\u00e9e uniquement sur la base de la simple mention ! Le droit d&rsquo;auteur pour les objets publi\u00e9s cr\u00e9\u00e9s par l&rsquo;auteur lui-m\u00eame appartient uniquement \u00e0 l&rsquo;auteur des pages. La reproduction ou l&rsquo;utilisation de ces graphiques, documents sonores, s\u00e9quences vid\u00e9o et textes dans d&rsquo;autres publications \u00e9lectroniques ou imprim\u00e9es n&rsquo;est pas autoris\u00e9e sans le consentement expr\u00e8s de l&rsquo;auteur.<\/li>\n\n\n\n<li>Validit\u00e9 juridique de cette clause de non-responsabilit\u00e9 Cette clause de non-responsabilit\u00e9 doit \u00eatre consid\u00e9r\u00e9e comme faisant partie du site Internet \u00e0 partir duquel il a \u00e9t\u00e9 fait r\u00e9f\u00e9rence \u00e0 cette page. Si des parties ou des formulations individuelles de ce texte ne correspondent pas, plus ou pas compl\u00e8tement \u00e0 la situation juridique applicable, les autres parties du document restent inchang\u00e9es dans leur contenu et leur validit\u00e9.<\/li>\n<\/ol>\n","protected":false},"excerpt":{"rendered":"<p>Clause de non-responsabilit\u00e9<\/p>\n","protected":false},"author":18,"featured_media":0,"parent":0,"menu_order":0,"comment_status":"open","ping_status":"open","template":"","meta":{"footnotes":""},"class_list":["post-16682","page","type-page","status-publish","hentry"],"yoast_head":"<!-- This site is optimized with the Yoast SEO plugin v27.1.1 - https:\/\/yoast.com\/product\/yoast-seo-wordpress\/ -->\n<title>Clauses de non responsabilit\u00e9 &#8211; You Stiftung<\/title>\n<meta name=\"robots\" content=\"index, follow, max-snippet:-1, max-image-preview:large, max-video-preview:-1\" \/>\n<link rel=\"canonical\" href=\"https:\/\/you-stiftung.de\/fr\/clauses-de-non-responsabilite\/\" \/>\n<meta property=\"og:locale\" content=\"fr_FR\" \/>\n<meta property=\"og:type\" content=\"article\" \/>\n<meta property=\"og:title\" content=\"Clauses de non responsabilit\u00e9 &#8211; You Stiftung\" \/>\n<meta property=\"og:description\" content=\"Clause de non-responsabilit\u00e9\" \/>\n<meta property=\"og:url\" content=\"https:\/\/you-stiftung.de\/fr\/clauses-de-non-responsabilite\/\" \/>\n<meta property=\"og:site_name\" content=\"You Stiftung\" \/>\n<meta property=\"article:publisher\" content=\"https:\/\/www.facebook.com\/youstiftung\" \/>\n<meta property=\"article:modified_time\" content=\"2023-08-01T12:35:28+00:00\" \/>\n<meta name=\"twitter:card\" content=\"summary_large_image\" \/>\n<meta name=\"twitter:label1\" content=\"Dur\u00e9e de lecture estim\u00e9e\" \/>\n\t<meta name=\"twitter:data1\" content=\"3 minutes\" \/>\n<script type=\"application\/ld+json\" class=\"yoast-schema-graph\">{\"@context\":\"https:\/\/schema.org\",\"@graph\":[{\"@type\":\"WebPage\",\"@id\":\"https:\/\/you-stiftung.de\/fr\/clauses-de-non-responsabilite\/\",\"url\":\"https:\/\/you-stiftung.de\/fr\/clauses-de-non-responsabilite\/\",\"name\":\"Clauses de non responsabilit\u00e9 &#8211; You Stiftung\",\"isPartOf\":{\"@id\":\"https:\/\/you-stiftung.de\/#website\"},\"datePublished\":\"2015-07-15T10:11:59+00:00\",\"dateModified\":\"2023-08-01T12:35:28+00:00\",\"breadcrumb\":{\"@id\":\"https:\/\/you-stiftung.de\/fr\/clauses-de-non-responsabilite\/#breadcrumb\"},\"inLanguage\":\"fr-FR\",\"potentialAction\":[{\"@type\":\"ReadAction\",\"target\":[\"https:\/\/you-stiftung.de\/fr\/clauses-de-non-responsabilite\/\"]}]},{\"@type\":\"BreadcrumbList\",\"@id\":\"https:\/\/you-stiftung.de\/fr\/clauses-de-non-responsabilite\/#breadcrumb\",\"itemListElement\":[{\"@type\":\"ListItem\",\"position\":1,\"name\":\"Home\",\"item\":\"https:\/\/you-stiftung.de\/fr\/accueil-fr\/\"},{\"@type\":\"ListItem\",\"position\":2,\"name\":\"Clauses de non responsabilit\u00e9\"}]},{\"@type\":\"WebSite\",\"@id\":\"https:\/\/you-stiftung.de\/#website\",\"url\":\"https:\/\/you-stiftung.de\/\",\"name\":\"YOU Stiftung\",\"description\":\"Bildung f\u00fcr Kinder in Not\",\"publisher\":{\"@id\":\"https:\/\/you-stiftung.de\/#organization\"},\"potentialAction\":[{\"@type\":\"SearchAction\",\"target\":{\"@type\":\"EntryPoint\",\"urlTemplate\":\"https:\/\/you-stiftung.de\/?s={search_term_string}\"},\"query-input\":{\"@type\":\"PropertyValueSpecification\",\"valueRequired\":true,\"valueName\":\"search_term_string\"}}],\"inLanguage\":\"fr-FR\"},{\"@type\":\"Organization\",\"@id\":\"https:\/\/you-stiftung.de\/#organization\",\"name\":\"YOU Stiftung\",\"url\":\"https:\/\/you-stiftung.de\/\",\"logo\":{\"@type\":\"ImageObject\",\"inLanguage\":\"fr-FR\",\"@id\":\"https:\/\/you-stiftung.de\/#\/schema\/logo\/image\/\",\"url\":\"https:\/\/you-stiftung.de\/wp-content\/uploads\/2021\/02\/YOU_Logo_pos_RGB_deutsch_RZ.png\",\"contentUrl\":\"https:\/\/you-stiftung.de\/wp-content\/uploads\/2021\/02\/YOU_Logo_pos_RGB_deutsch_RZ.png\",\"width\":729,\"height\":449,\"caption\":\"YOU Stiftung\"},\"image\":{\"@id\":\"https:\/\/you-stiftung.de\/#\/schema\/logo\/image\/\"},\"sameAs\":[\"https:\/\/www.facebook.com\/youstiftung\",\"https:\/\/www.instagram.com\/youstiftung\"]}]}<\/script>\n<!-- \/ Yoast SEO plugin. -->","yoast_head_json":{"title":"Clauses de non responsabilit\u00e9 &#8211; You Stiftung","robots":{"index":"index","follow":"follow","max-snippet":"max-snippet:-1","max-image-preview":"max-image-preview:large","max-video-preview":"max-video-preview:-1"},"canonical":"https:\/\/you-stiftung.de\/fr\/clauses-de-non-responsabilite\/","og_locale":"fr_FR","og_type":"article","og_title":"Clauses de non responsabilit\u00e9 &#8211; You Stiftung","og_description":"Clause de non-responsabilit\u00e9","og_url":"https:\/\/you-stiftung.de\/fr\/clauses-de-non-responsabilite\/","og_site_name":"You Stiftung","article_publisher":"https:\/\/www.facebook.com\/youstiftung","article_modified_time":"2023-08-01T12:35:28+00:00","twitter_card":"summary_large_image","twitter_misc":{"Dur\u00e9e de lecture estim\u00e9e":"3 minutes"},"schema":{"@context":"https:\/\/schema.org","@graph":[{"@type":"WebPage","@id":"https:\/\/you-stiftung.de\/fr\/clauses-de-non-responsabilite\/","url":"https:\/\/you-stiftung.de\/fr\/clauses-de-non-responsabilite\/","name":"Clauses de non responsabilit\u00e9 &#8211; You Stiftung","isPartOf":{"@id":"https:\/\/you-stiftung.de\/#website"},"datePublished":"2015-07-15T10:11:59+00:00","dateModified":"2023-08-01T12:35:28+00:00","breadcrumb":{"@id":"https:\/\/you-stiftung.de\/fr\/clauses-de-non-responsabilite\/#breadcrumb"},"inLanguage":"fr-FR","potentialAction":[{"@type":"ReadAction","target":["https:\/\/you-stiftung.de\/fr\/clauses-de-non-responsabilite\/"]}]},{"@type":"BreadcrumbList","@id":"https:\/\/you-stiftung.de\/fr\/clauses-de-non-responsabilite\/#breadcrumb","itemListElement":[{"@type":"ListItem","position":1,"name":"Home","item":"https:\/\/you-stiftung.de\/fr\/accueil-fr\/"},{"@type":"ListItem","position":2,"name":"Clauses de non responsabilit\u00e9"}]},{"@type":"WebSite","@id":"https:\/\/you-stiftung.de\/#website","url":"https:\/\/you-stiftung.de\/","name":"YOU Stiftung","description":"Bildung f\u00fcr Kinder in Not","publisher":{"@id":"https:\/\/you-stiftung.de\/#organization"},"potentialAction":[{"@type":"SearchAction","target":{"@type":"EntryPoint","urlTemplate":"https:\/\/you-stiftung.de\/?s={search_term_string}"},"query-input":{"@type":"PropertyValueSpecification","valueRequired":true,"valueName":"search_term_string"}}],"inLanguage":"fr-FR"},{"@type":"Organization","@id":"https:\/\/you-stiftung.de\/#organization","name":"YOU Stiftung","url":"https:\/\/you-stiftung.de\/","logo":{"@type":"ImageObject","inLanguage":"fr-FR","@id":"https:\/\/you-stiftung.de\/#\/schema\/logo\/image\/","url":"https:\/\/you-stiftung.de\/wp-content\/uploads\/2021\/02\/YOU_Logo_pos_RGB_deutsch_RZ.png","contentUrl":"https:\/\/you-stiftung.de\/wp-content\/uploads\/2021\/02\/YOU_Logo_pos_RGB_deutsch_RZ.png","width":729,"height":449,"caption":"YOU Stiftung"},"image":{"@id":"https:\/\/you-stiftung.de\/#\/schema\/logo\/image\/"},"sameAs":["https:\/\/www.facebook.com\/youstiftung","https:\/\/www.instagram.com\/youstiftung"]}]}},"_links":{"self":[{"href":"https:\/\/you-stiftung.de\/fr\/wp-json\/wp\/v2\/pages\/16682","targetHints":{"allow":["GET"]}}],"collection":[{"href":"https:\/\/you-stiftung.de\/fr\/wp-json\/wp\/v2\/pages"}],"about":[{"href":"https:\/\/you-stiftung.de\/fr\/wp-json\/wp\/v2\/types\/page"}],"author":[{"embeddable":true,"href":"https:\/\/you-stiftung.de\/fr\/wp-json\/wp\/v2\/users\/18"}],"replies":[{"embeddable":true,"href":"https:\/\/you-stiftung.de\/fr\/wp-json\/wp\/v2\/comments?post=16682"}],"version-history":[{"count":2,"href":"https:\/\/you-stiftung.de\/fr\/wp-json\/wp\/v2\/pages\/16682\/revisions"}],"predecessor-version":[{"id":16684,"href":"https:\/\/you-stiftung.de\/fr\/wp-json\/wp\/v2\/pages\/16682\/revisions\/16684"}],"wp:attachment":[{"href":"https:\/\/you-stiftung.de\/fr\/wp-json\/wp\/v2\/media?parent=16682"}],"curies":[{"name":"wp","href":"https:\/\/api.w.org\/{rel}","templated":true}]}}