{"id":16679,"date":"2015-07-15T12:12:31","date_gmt":"2015-07-15T10:12:31","guid":{"rendered":"https:\/\/you-charity.de\/?page_id=16679"},"modified":"2024-02-16T17:04:00","modified_gmt":"2024-02-16T16:04:00","slug":"members-of-the-media","status":"publish","type":"page","link":"https:\/\/you-stiftung.de\/fr\/members-of-the-media\/","title":{"rendered":"Membres des m\u00e9dias"},"content":{"rendered":"\n<h2 class=\"wp-block-heading\">Notre service pour les membres des m\u00e9dias<\/h2>\n\n\n\n<figure class=\"wp-block-image\"><img fetchpriority=\"high\" decoding=\"async\" width=\"1024\" height=\"660\" src=\"https:\/\/you-stiftung.de\/wp-content\/uploads\/2015\/07\/IMG_0456-e1484319539339.jpg\" alt=\"IMG_0456\" class=\"wp-image-19814\" srcset=\"https:\/\/you-stiftung.de\/wp-content\/uploads\/2015\/07\/IMG_0456-e1484319539339.jpg 1024w, https:\/\/you-stiftung.de\/wp-content\/uploads\/2015\/07\/IMG_0456-e1484319539339-600x387.jpg 600w, https:\/\/you-stiftung.de\/wp-content\/uploads\/2015\/07\/IMG_0456-e1484319539339-300x193.jpg 300w, https:\/\/you-stiftung.de\/wp-content\/uploads\/2015\/07\/IMG_0456-e1484319539339-768x495.jpg 768w, https:\/\/you-stiftung.de\/wp-content\/uploads\/2015\/07\/IMG_0456-e1484319539339-750x483.jpg 750w, https:\/\/you-stiftung.de\/wp-content\/uploads\/2015\/07\/IMG_0456-e1484319539339-545x351.jpg 545w\" sizes=\"(max-width: 1024px) 100vw, 1024px\" \/><\/figure>\n\n\n\n<p>Nous serons heureux de partager des informations sur nos projets et \u00e9v\u00e9nements avec les journalistes. Si vous souhaitez recevoir nos communiqu\u00e9s de presse, nous nous ferons un plaisir de vous ajouter \u00e0 notre liste de distribution et vous serez le premier \u00e0 recevoir tous les nouveaux communiqu\u00e9s de presse.<br>Veuillez envoyer un e-mail \u00e0&nbsp;oezmen@you-stiftung.de<\/p>\n\n\n\n<div class=\"wp-block-buttons is-layout-flex wp-block-buttons-is-layout-flex\">\n<div class=\"wp-block-button\"><a class=\"wp-block-button__link wp-element-button\" href=\"http:\/\/you-stiftung.de\/ueber-die-stiftung\/presse\/aktuelle-pressmitteilungen\/\">Current Press Documents<\/a><\/div>\n<\/div>\n\n\n\n<h2 class=\"wp-block-heading\">La Fondation YOU dans les m\u00e9dias<\/h2>\n\n\n\n<h3 class=\"wp-block-heading\">Les Jeux Olympiques&nbsp;expulsent les plus pauvres des pauvres \u00e0 Rio<\/h3>\n\n\n\n<p>Les Jeux olympiques commencent en ao\u00fbt au Br\u00e9sil. Loin des images sur papier glac\u00e9 qui seront diffus\u00e9es \u00e0 la t\u00e9l\u00e9vision, la pauvret\u00e9 est omnipr\u00e9sente au Br\u00e9sil. En collaboration avec le Recklingh\u00e4user Zeitung, la Fondation You a lanc\u00e9 une collecte de fonds pour les enfants vivant dans la Favela \u00ab\u00a0Complexo do Alemo\u00a0\u00bb. Gr\u00e2ce \u00e0 une \u00e9cole de football, dans la m\u00e9tropole de Rio de Janeiro, 200 gar\u00e7ons et filles re\u00e7oivent un soutien social et m\u00e9dical et am\u00e9liorent leur capacit\u00e9 \u00e0 gagner leur vie en tant que jeunes adultes. Leurs qualifications pour leur vie professionnelle.<\/p>\n\n\n\n<figure class=\"wp-block-image alignnone\"><a href=\"http:\/\/you-stiftung.de\/wp-content\/uploads\/2016\/05\/Olympia-vertreibt-die-\u00c4rmsten.jpg\" rel=\"attachment wp-att-2861\"><img decoding=\"async\" width=\"300\" height=\"271\" src=\"https:\/\/you-stiftung.de\/wp-content\/uploads\/2016\/05\/Olympia-vertreibt-die-\u00c4rmsten-300x271.jpg\" alt=\"Olympia vertreibt die \u00c4rmsten\" class=\"wp-image-19659\" srcset=\"https:\/\/you-stiftung.de\/wp-content\/uploads\/2016\/05\/Olympia-vertreibt-die-\u00c4rmsten-300x271.jpg 300w, https:\/\/you-stiftung.de\/wp-content\/uploads\/2016\/05\/Olympia-vertreibt-die-\u00c4rmsten-768x695.jpg 768w, https:\/\/you-stiftung.de\/wp-content\/uploads\/2016\/05\/Olympia-vertreibt-die-\u00c4rmsten-750x678.jpg 750w, https:\/\/you-stiftung.de\/wp-content\/uploads\/2016\/05\/Olympia-vertreibt-die-\u00c4rmsten-545x493.jpg 545w, https:\/\/you-stiftung.de\/wp-content\/uploads\/2016\/05\/Olympia-vertreibt-die-\u00c4rmsten.jpg 996w\" sizes=\"(max-width: 300px) 100vw, 300px\" \/><\/a><figcaption class=\"wp-element-caption\">( Recklingh\u00e4user Zeitung 18.05.2016)<\/figcaption><\/figure>\n\n\n\n<h3 class=\"wp-block-heading\">Du bidonville \u00e0 la colonie moderne<\/h3>\n\n\n\n<p>Vernissage de l&rsquo;exposition, pr\u00e9sentation des&nbsp;projets BARAKA et c\u00e9r\u00e9monie de remise des prix&nbsp;:<br>Le 6 f\u00e9vrier 2016 \u00e0 18h00 au mus\u00e9e municipal de D\u00fcsseldorf (Berger Allee 2, 40213 D\u00fcsseldorf)<\/p>\n\n\n\n<p><a href=\"http:\/\/you-stiftung.de\/wp-content\/uploads\/2015\/07\/YOU-Nachbericht-Pressemeldung-10_02_16.pdf\" rel=\"\">YOU Communiqu\u00e9 de presse 10_02_16<\/a><\/p>\n\n\n<div class=\"wp-block-image\">\n<figure class=\"alignleft\"><a href=\"http:\/\/you-stiftung.de\/wp-content\/uploads\/2015\/07\/Bild-vom-10_2_16.jpg\" rel=\"attachment wp-att-2606\"><img decoding=\"async\" width=\"219\" height=\"300\" src=\"https:\/\/you-stiftung.de\/wp-content\/uploads\/2015\/07\/Bild-vom-10_2_16-219x300.jpg\" alt=\"Bild vom 10_2_16\" class=\"wp-image-19599\" srcset=\"https:\/\/you-stiftung.de\/wp-content\/uploads\/2015\/07\/Bild-vom-10_2_16-219x300.jpg 219w, https:\/\/you-stiftung.de\/wp-content\/uploads\/2015\/07\/Bild-vom-10_2_16-600x824.jpg 600w, https:\/\/you-stiftung.de\/wp-content\/uploads\/2015\/07\/Bild-vom-10_2_16-768x1054.jpg 768w, https:\/\/you-stiftung.de\/wp-content\/uploads\/2015\/07\/Bild-vom-10_2_16-746x1024.jpg 746w, https:\/\/you-stiftung.de\/wp-content\/uploads\/2015\/07\/Bild-vom-10_2_16-546x750.jpg 546w, https:\/\/you-stiftung.de\/wp-content\/uploads\/2015\/07\/Bild-vom-10_2_16-397x545.jpg 397w, https:\/\/you-stiftung.de\/wp-content\/uploads\/2015\/07\/Bild-vom-10_2_16.jpg 1275w\" sizes=\"(max-width: 219px) 100vw, 219px\" \/><\/a><\/figure>\n<\/div>\n\n\n<figure class=\"wp-block-image\"><a href=\"http:\/\/you-stiftung.de\/wp-content\/uploads\/2015\/07\/RP-vom-10_2_16.jpg\" rel=\"attachment wp-att-2604\"><img loading=\"lazy\" decoding=\"async\" width=\"219\" height=\"300\" src=\"https:\/\/you-stiftung.de\/wp-content\/uploads\/2015\/07\/RP-vom-10_2_16-219x300.jpg\" alt=\"RP vom 10_2_16\" class=\"wp-image-19597\" srcset=\"https:\/\/you-stiftung.de\/wp-content\/uploads\/2015\/07\/RP-vom-10_2_16-219x300.jpg 219w, https:\/\/you-stiftung.de\/wp-content\/uploads\/2015\/07\/RP-vom-10_2_16-600x824.jpg 600w, https:\/\/you-stiftung.de\/wp-content\/uploads\/2015\/07\/RP-vom-10_2_16-768x1054.jpg 768w, https:\/\/you-stiftung.de\/wp-content\/uploads\/2015\/07\/RP-vom-10_2_16-746x1024.jpg 746w, https:\/\/you-stiftung.de\/wp-content\/uploads\/2015\/07\/RP-vom-10_2_16-546x750.jpg 546w, https:\/\/you-stiftung.de\/wp-content\/uploads\/2015\/07\/RP-vom-10_2_16-397x545.jpg 397w, https:\/\/you-stiftung.de\/wp-content\/uploads\/2015\/07\/RP-vom-10_2_16.jpg 1275w\" sizes=\"(max-width: 219px) 100vw, 219px\" \/><\/a><\/figure>\n\n\n<div class=\"wp-block-image\">\n<figure class=\"alignleft\"><a href=\"http:\/\/you-stiftung.de\/wp-content\/uploads\/2015\/07\/Express-vom-10_2_16.jpg\" rel=\"attachment wp-att-2607\"><img loading=\"lazy\" decoding=\"async\" width=\"219\" height=\"300\" src=\"https:\/\/you-stiftung.de\/wp-content\/uploads\/2015\/07\/Express-vom-10_2_16-219x300.jpg\" alt=\"Express vom 10_2_16\" class=\"wp-image-19601\" srcset=\"https:\/\/you-stiftung.de\/wp-content\/uploads\/2015\/07\/Express-vom-10_2_16-219x300.jpg 219w, https:\/\/you-stiftung.de\/wp-content\/uploads\/2015\/07\/Express-vom-10_2_16-600x824.jpg 600w, https:\/\/you-stiftung.de\/wp-content\/uploads\/2015\/07\/Express-vom-10_2_16-768x1054.jpg 768w, https:\/\/you-stiftung.de\/wp-content\/uploads\/2015\/07\/Express-vom-10_2_16-746x1024.jpg 746w, https:\/\/you-stiftung.de\/wp-content\/uploads\/2015\/07\/Express-vom-10_2_16-546x750.jpg 546w, https:\/\/you-stiftung.de\/wp-content\/uploads\/2015\/07\/Express-vom-10_2_16-397x545.jpg 397w, https:\/\/you-stiftung.de\/wp-content\/uploads\/2015\/07\/Express-vom-10_2_16.jpg 1275w\" sizes=\"(max-width: 219px) 100vw, 219px\" \/><\/a><\/figure>\n<\/div>\n\n\n<p><a href=\"http:\/\/you-stiftung.de\/wp-content\/uploads\/2015\/07\/YOU-BARAKA-Pressetext-Stadtmuseum_BDA-FINAL-09_02_16.pdf\" rel=\"\">YOU BARAKA Texte presse Stadtmuseum_BDA FINAL 09_02_16<\/a><\/p>\n\n\n\n<h3 class=\"wp-block-heading\">Entretien EXPRESS avec l&rsquo;ambassadeur de bonne volont\u00e9 de l&rsquo;UNESCO, Ohoven<\/h3>\n\n\n\n<p>\u00c0 propos de son nouveau projet \u00ab&nbsp;Baraka&nbsp;: un exemple aux implications mondiales&nbsp;: du bidonville \u00e0 l&rsquo;\u00e9tablissement autonome&nbsp;\u00bb.<\/p>\n\n\n\n<figure class=\"wp-block-image\"><a href=\"http:\/\/you-stiftung.de\/wp-content\/uploads\/2015\/07\/Teil-I.jpg\"><img loading=\"lazy\" decoding=\"async\" width=\"300\" height=\"233\" src=\"https:\/\/you-stiftung.de\/wp-content\/uploads\/2015\/07\/Teil-I-300x233.jpg\" alt=\"Teil I\" class=\"wp-image-19583\" srcset=\"https:\/\/you-stiftung.de\/wp-content\/uploads\/2015\/07\/Teil-I-300x233.jpg 300w, https:\/\/you-stiftung.de\/wp-content\/uploads\/2015\/07\/Teil-I-600x466.jpg 600w, https:\/\/you-stiftung.de\/wp-content\/uploads\/2015\/07\/Teil-I-1024x795.jpg 1024w, https:\/\/you-stiftung.de\/wp-content\/uploads\/2015\/07\/Teil-I-750x583.jpg 750w, https:\/\/you-stiftung.de\/wp-content\/uploads\/2015\/07\/Teil-I-545x423.jpg 545w, https:\/\/you-stiftung.de\/wp-content\/uploads\/2015\/07\/Teil-I.jpg 1200w\" sizes=\"(max-width: 300px) 100vw, 300px\" \/><\/a><\/figure>\n\n\n\n<p>L&rsquo;article est \u00e0 retrouver ici: <a href=\"http:\/\/you-stiftung.de\/wp-content\/uploads\/2015\/07\/Express.pdf\">Express<\/a><\/p>\n\n\n\n<h3 class=\"wp-block-heading\">Conf\u00e9rence de presse&nbsp;(28.10.2015)<\/h3>\n\n\n\n<ul class=\"wp-block-list\">\n<li><span style=\"color: initial; font-family: -apple-system, BlinkMacSystemFont, 'Segoe UI', Roboto, Oxygen-Sans, Ubuntu, Cantarell, 'Helvetica Neue', sans-serif;\">Apr\u00e8s presque trente ans d&rsquo;engagement social, Ute Ohoven \u00e9largit consid\u00e9rablement la port\u00e9e de son travail.<\/span><\/li>\n\n\n\n<li><span style=\"color: initial; font-family: -apple-system, BlinkMacSystemFont, 'Segoe UI', Roboto, Oxygen-Sans, Ubuntu, Cantarell, 'Helvetica Neue', sans-serif;\">Elle pr\u00e9sente la cr\u00e9ation d&rsquo;une fondation abritante.<\/span><\/li>\n\n\n\n<li><span style=\"color: initial; font-family: -apple-system, BlinkMacSystemFont, 'Segoe UI', Roboto, Oxygen-Sans, Ubuntu, Cantarell, 'Helvetica Neue', sans-serif;\">\u00c0 l&rsquo;aide de concepts nouveaux, visionnaires et innovants, Ute Ohoven met en \u0153uvre un nouveau projet pilote au S\u00e9n\u00e9gal &#8211;\u00a0dans le but de prouver que les gens n&rsquo;ont pas \u00e0 devenir des r\u00e9fugi\u00e9s par bateau. <\/span><\/li>\n<\/ul>\n\n\n\n<h3 class=\"wp-block-heading\">&nbsp;<\/h3>\n\n\n\n<h3 class=\"wp-block-heading\">Coupure de presse<\/h3>\n\n\n<div class=\"wp-block-image\">\n<figure class=\"alignleft\"><a href=\"http:\/\/you-stiftung.de\/wp-content\/uploads\/2015\/07\/NRZ-29.-Oktober-Titel.jpg\"><img decoding=\"async\" src=\"https:\/\/you-stiftung.de\/wp-content\/uploads\/2015\/07\/NRZ-29.-Oktober-Titel-e1446112401923-300x219.jpg\" alt=\"\" class=\"wp-image-19552\"\/><\/a><figcaption class=\"wp-element-caption\"><a href=\"http:\/\/you-stiftung.de\/wp-content\/uploads\/2015\/07\/NRZ-29.-Oktober-2015-e1446111798583.jpg\"><img loading=\"lazy\" decoding=\"async\" class=\"wp-image-19552 size-medium\" src=\"https:\/\/you-stiftung.de\/wp-content\/uploads\/2015\/07\/NRZ-29.-Oktober-2015-e1446111798583-219x300.jpg\" alt=\"\" width=\"219\" height=\"300\" srcset=\"https:\/\/you-stiftung.de\/wp-content\/uploads\/2015\/07\/NRZ-29.-Oktober-2015-e1446111798583-219x300.jpg 219w, https:\/\/you-stiftung.de\/wp-content\/uploads\/2015\/07\/NRZ-29.-Oktober-2015-e1446111798583-600x824.jpg 600w, https:\/\/you-stiftung.de\/wp-content\/uploads\/2015\/07\/NRZ-29.-Oktober-2015-e1446111798583-746x1024.jpg 746w, https:\/\/you-stiftung.de\/wp-content\/uploads\/2015\/07\/NRZ-29.-Oktober-2015-e1446111798583-546x750.jpg 546w, https:\/\/you-stiftung.de\/wp-content\/uploads\/2015\/07\/NRZ-29.-Oktober-2015-e1446111798583-397x545.jpg 397w, https:\/\/you-stiftung.de\/wp-content\/uploads\/2015\/07\/NRZ-29.-Oktober-2015-e1446111798583.jpg 1275w\" sizes=\"(max-width: 219px) 100vw, 219px\" \/><\/a> NRZ 29. Octobre 2015<\/figcaption><\/figure>\n<\/div>\n\n<div class=\"wp-block-image\">\n<figure class=\"alignleft\"><a href=\"http:\/\/you-stiftung.de\/wp-content\/uploads\/2015\/07\/RHEINISCHE-POST-29.Oktober-.2015.jpg\"><img loading=\"lazy\" decoding=\"async\" width=\"300\" height=\"219\" src=\"https:\/\/you-stiftung.de\/wp-content\/uploads\/2015\/07\/RHEINISCHE-POST-29.Oktober-.2015-e1446111832372-300x219.jpg\" alt=\"\" class=\"wp-image-19548\" srcset=\"https:\/\/you-stiftung.de\/wp-content\/uploads\/2015\/07\/RHEINISCHE-POST-29.Oktober-.2015-e1446111832372-300x219.jpg 300w, https:\/\/you-stiftung.de\/wp-content\/uploads\/2015\/07\/RHEINISCHE-POST-29.Oktober-.2015-e1446111832372-600x437.jpg 600w, https:\/\/you-stiftung.de\/wp-content\/uploads\/2015\/07\/RHEINISCHE-POST-29.Oktober-.2015-e1446111832372-1024x746.jpg 1024w, https:\/\/you-stiftung.de\/wp-content\/uploads\/2015\/07\/RHEINISCHE-POST-29.Oktober-.2015-e1446111832372-750x546.jpg 750w, https:\/\/you-stiftung.de\/wp-content\/uploads\/2015\/07\/RHEINISCHE-POST-29.Oktober-.2015-e1446111832372-545x397.jpg 545w, https:\/\/you-stiftung.de\/wp-content\/uploads\/2015\/07\/RHEINISCHE-POST-29.Oktober-.2015-e1446111832372.jpg 1750w\" sizes=\"(max-width: 300px) 100vw, 300px\" \/><\/a><figcaption class=\"wp-element-caption\">RP 29. Octobre 2015<\/figcaption><\/figure>\n<\/div>\n\n<div class=\"wp-block-image\">\n<figure class=\"alignleft\"><a href=\"http:\/\/you-stiftung.de\/wp-content\/uploads\/2015\/07\/BILD-29.Oktober-2015-Seite-12.jpg\"><img loading=\"lazy\" decoding=\"async\" width=\"219\" height=\"300\" src=\"https:\/\/you-stiftung.de\/wp-content\/uploads\/2015\/07\/BILD-29.Oktober-2015-Seite-12-219x300.jpg\" alt=\"\" class=\"wp-image-19542\" srcset=\"https:\/\/you-stiftung.de\/wp-content\/uploads\/2015\/07\/BILD-29.Oktober-2015-Seite-12-219x300.jpg 219w, https:\/\/you-stiftung.de\/wp-content\/uploads\/2015\/07\/BILD-29.Oktober-2015-Seite-12-600x824.jpg 600w, https:\/\/you-stiftung.de\/wp-content\/uploads\/2015\/07\/BILD-29.Oktober-2015-Seite-12-746x1024.jpg 746w, https:\/\/you-stiftung.de\/wp-content\/uploads\/2015\/07\/BILD-29.Oktober-2015-Seite-12-546x750.jpg 546w, https:\/\/you-stiftung.de\/wp-content\/uploads\/2015\/07\/BILD-29.Oktober-2015-Seite-12-397x545.jpg 397w, https:\/\/you-stiftung.de\/wp-content\/uploads\/2015\/07\/BILD-29.Oktober-2015-Seite-12.jpg 1275w\" sizes=\"(max-width: 219px) 100vw, 219px\" \/><\/a><figcaption class=\"wp-element-caption\">BILD 29.Octobre 2015<\/figcaption><\/figure>\n<\/div>\n\n<div class=\"wp-block-image\">\n<figure class=\"alignleft\"><a href=\"http:\/\/you-stiftung.de\/wp-content\/uploads\/2015\/07\/Express-29.Oktober-2015-Kopie.jpg\"><img loading=\"lazy\" decoding=\"async\" width=\"300\" height=\"219\" src=\"https:\/\/you-stiftung.de\/wp-content\/uploads\/2015\/07\/Express-29.Oktober-2015-Kopie-e1446111864627-300x219.jpg\" alt=\"\" class=\"wp-image-19546\" srcset=\"https:\/\/you-stiftung.de\/wp-content\/uploads\/2015\/07\/Express-29.Oktober-2015-Kopie-e1446111864627-300x219.jpg 300w, https:\/\/you-stiftung.de\/wp-content\/uploads\/2015\/07\/Express-29.Oktober-2015-Kopie-e1446111864627-600x437.jpg 600w, https:\/\/you-stiftung.de\/wp-content\/uploads\/2015\/07\/Express-29.Oktober-2015-Kopie-e1446111864627-1024x746.jpg 1024w, https:\/\/you-stiftung.de\/wp-content\/uploads\/2015\/07\/Express-29.Oktober-2015-Kopie-e1446111864627-750x546.jpg 750w, https:\/\/you-stiftung.de\/wp-content\/uploads\/2015\/07\/Express-29.Oktober-2015-Kopie-e1446111864627-545x397.jpg 545w, https:\/\/you-stiftung.de\/wp-content\/uploads\/2015\/07\/Express-29.Oktober-2015-Kopie-e1446111864627.jpg 1750w\" sizes=\"(max-width: 300px) 100vw, 300px\" \/><\/a><figcaption class=\"wp-element-caption\">Express, 29.Octobre 2015<\/figcaption><\/figure>\n<\/div>","protected":false},"excerpt":{"rendered":"<p>Notre service pour les membres des m\u00e9dias Nous serons heureux de partager des informations sur nos projets et \u00e9v\u00e9nements avec les journalistes. Si vous souhaitez recevoir nos communiqu\u00e9s de presse, nous nous ferons un plaisir de vous ajouter \u00e0 notre liste de distribution et vous serez le premier \u00e0 recevoir tous les nouveaux communiqu\u00e9s de [&hellip;]<\/p>\n","protected":false},"author":9,"featured_media":0,"parent":0,"menu_order":0,"comment_status":"open","ping_status":"open","template":"","meta":{"footnotes":""},"class_list":["post-16679","page","type-page","status-publish","hentry"],"yoast_head":"<!-- This site is optimized with the Yoast SEO plugin v27.1.1 - https:\/\/yoast.com\/product\/yoast-seo-wordpress\/ -->\n<title>Membres des m\u00e9dias &#8211; You Stiftung<\/title>\n<meta name=\"description\" content=\"Notre service aux membres des m\u00e9dias : nous vous ferons parvenir nos communiqu\u00e9s de presse pour vous informer de nos projets et \u00e9v\u00e9nements.\" \/>\n<meta name=\"robots\" content=\"index, follow, max-snippet:-1, max-image-preview:large, max-video-preview:-1\" \/>\n<link rel=\"canonical\" href=\"https:\/\/you-stiftung.de\/fr\/members-of-the-media\/\" \/>\n<meta property=\"og:locale\" content=\"fr_FR\" \/>\n<meta property=\"og:type\" content=\"article\" \/>\n<meta property=\"og:title\" content=\"Membres des m\u00e9dias &#8211; You Stiftung\" \/>\n<meta property=\"og:description\" content=\"Notre service aux membres des m\u00e9dias : nous vous ferons parvenir nos communiqu\u00e9s de presse pour vous informer de nos projets et \u00e9v\u00e9nements.\" \/>\n<meta property=\"og:url\" content=\"https:\/\/you-stiftung.de\/fr\/members-of-the-media\/\" \/>\n<meta property=\"og:site_name\" content=\"You Stiftung\" \/>\n<meta property=\"article:publisher\" content=\"https:\/\/www.facebook.com\/youstiftung\" \/>\n<meta property=\"article:modified_time\" content=\"2024-02-16T16:04:00+00:00\" \/>\n<meta property=\"og:image\" content=\"https:\/\/you-stiftung.de\/wp-content\/uploads\/2015\/07\/IMG_0456-e1484319539339.jpg\" \/>\n<meta name=\"twitter:card\" content=\"summary_large_image\" \/>\n<meta name=\"twitter:label1\" content=\"Dur\u00e9e de lecture estim\u00e9e\" \/>\n\t<meta name=\"twitter:data1\" content=\"4 minutes\" \/>\n<script type=\"application\/ld+json\" class=\"yoast-schema-graph\">{\"@context\":\"https:\/\/schema.org\",\"@graph\":[{\"@type\":\"WebPage\",\"@id\":\"https:\/\/you-stiftung.de\/fr\/members-of-the-media\/\",\"url\":\"https:\/\/you-stiftung.de\/fr\/members-of-the-media\/\",\"name\":\"Membres des m\u00e9dias &#8211; You Stiftung\",\"isPartOf\":{\"@id\":\"https:\/\/you-stiftung.de\/#website\"},\"primaryImageOfPage\":{\"@id\":\"https:\/\/you-stiftung.de\/fr\/members-of-the-media\/#primaryimage\"},\"image\":{\"@id\":\"https:\/\/you-stiftung.de\/fr\/members-of-the-media\/#primaryimage\"},\"thumbnailUrl\":\"https:\/\/you-stiftung.de\/wp-content\/uploads\/2015\/07\/IMG_0456-e1484319539339.jpg\",\"datePublished\":\"2015-07-15T10:12:31+00:00\",\"dateModified\":\"2024-02-16T16:04:00+00:00\",\"description\":\"Notre service aux membres des m\u00e9dias : nous vous ferons parvenir nos communiqu\u00e9s de presse pour vous informer de nos projets et \u00e9v\u00e9nements.\",\"breadcrumb\":{\"@id\":\"https:\/\/you-stiftung.de\/fr\/members-of-the-media\/#breadcrumb\"},\"inLanguage\":\"fr-FR\",\"potentialAction\":[{\"@type\":\"ReadAction\",\"target\":[\"https:\/\/you-stiftung.de\/fr\/members-of-the-media\/\"]}]},{\"@type\":\"ImageObject\",\"inLanguage\":\"fr-FR\",\"@id\":\"https:\/\/you-stiftung.de\/fr\/members-of-the-media\/#primaryimage\",\"url\":\"https:\/\/you-stiftung.de\/wp-content\/uploads\/2015\/07\/IMG_0456-e1484319539339.jpg\",\"contentUrl\":\"https:\/\/you-stiftung.de\/wp-content\/uploads\/2015\/07\/IMG_0456-e1484319539339.jpg\"},{\"@type\":\"BreadcrumbList\",\"@id\":\"https:\/\/you-stiftung.de\/fr\/members-of-the-media\/#breadcrumb\",\"itemListElement\":[{\"@type\":\"ListItem\",\"position\":1,\"name\":\"Home\",\"item\":\"https:\/\/you-stiftung.de\/fr\/accueil-fr\/\"},{\"@type\":\"ListItem\",\"position\":2,\"name\":\"Membres des m\u00e9dias\"}]},{\"@type\":\"WebSite\",\"@id\":\"https:\/\/you-stiftung.de\/#website\",\"url\":\"https:\/\/you-stiftung.de\/\",\"name\":\"YOU Stiftung\",\"description\":\"Bildung f\u00fcr Kinder in Not\",\"publisher\":{\"@id\":\"https:\/\/you-stiftung.de\/#organization\"},\"potentialAction\":[{\"@type\":\"SearchAction\",\"target\":{\"@type\":\"EntryPoint\",\"urlTemplate\":\"https:\/\/you-stiftung.de\/?s={search_term_string}\"},\"query-input\":{\"@type\":\"PropertyValueSpecification\",\"valueRequired\":true,\"valueName\":\"search_term_string\"}}],\"inLanguage\":\"fr-FR\"},{\"@type\":\"Organization\",\"@id\":\"https:\/\/you-stiftung.de\/#organization\",\"name\":\"YOU Stiftung\",\"url\":\"https:\/\/you-stiftung.de\/\",\"logo\":{\"@type\":\"ImageObject\",\"inLanguage\":\"fr-FR\",\"@id\":\"https:\/\/you-stiftung.de\/#\/schema\/logo\/image\/\",\"url\":\"https:\/\/you-stiftung.de\/wp-content\/uploads\/2021\/02\/YOU_Logo_pos_RGB_deutsch_RZ.png\",\"contentUrl\":\"https:\/\/you-stiftung.de\/wp-content\/uploads\/2021\/02\/YOU_Logo_pos_RGB_deutsch_RZ.png\",\"width\":729,\"height\":449,\"caption\":\"YOU Stiftung\"},\"image\":{\"@id\":\"https:\/\/you-stiftung.de\/#\/schema\/logo\/image\/\"},\"sameAs\":[\"https:\/\/www.facebook.com\/youstiftung\",\"https:\/\/www.instagram.com\/youstiftung\"]}]}<\/script>\n<!-- \/ Yoast SEO plugin. -->","yoast_head_json":{"title":"Membres des m\u00e9dias &#8211; You Stiftung","description":"Notre service aux membres des m\u00e9dias : nous vous ferons parvenir nos communiqu\u00e9s de presse pour vous informer de nos projets et \u00e9v\u00e9nements.","robots":{"index":"index","follow":"follow","max-snippet":"max-snippet:-1","max-image-preview":"max-image-preview:large","max-video-preview":"max-video-preview:-1"},"canonical":"https:\/\/you-stiftung.de\/fr\/members-of-the-media\/","og_locale":"fr_FR","og_type":"article","og_title":"Membres des m\u00e9dias &#8211; You Stiftung","og_description":"Notre service aux membres des m\u00e9dias : nous vous ferons parvenir nos communiqu\u00e9s de presse pour vous informer de nos projets et \u00e9v\u00e9nements.","og_url":"https:\/\/you-stiftung.de\/fr\/members-of-the-media\/","og_site_name":"You Stiftung","article_publisher":"https:\/\/www.facebook.com\/youstiftung","article_modified_time":"2024-02-16T16:04:00+00:00","og_image":[{"url":"https:\/\/you-stiftung.de\/wp-content\/uploads\/2015\/07\/IMG_0456-e1484319539339.jpg","type":"","width":"","height":""}],"twitter_card":"summary_large_image","twitter_misc":{"Dur\u00e9e de lecture estim\u00e9e":"4 minutes"},"schema":{"@context":"https:\/\/schema.org","@graph":[{"@type":"WebPage","@id":"https:\/\/you-stiftung.de\/fr\/members-of-the-media\/","url":"https:\/\/you-stiftung.de\/fr\/members-of-the-media\/","name":"Membres des m\u00e9dias &#8211; You Stiftung","isPartOf":{"@id":"https:\/\/you-stiftung.de\/#website"},"primaryImageOfPage":{"@id":"https:\/\/you-stiftung.de\/fr\/members-of-the-media\/#primaryimage"},"image":{"@id":"https:\/\/you-stiftung.de\/fr\/members-of-the-media\/#primaryimage"},"thumbnailUrl":"https:\/\/you-stiftung.de\/wp-content\/uploads\/2015\/07\/IMG_0456-e1484319539339.jpg","datePublished":"2015-07-15T10:12:31+00:00","dateModified":"2024-02-16T16:04:00+00:00","description":"Notre service aux membres des m\u00e9dias : nous vous ferons parvenir nos communiqu\u00e9s de presse pour vous informer de nos projets et \u00e9v\u00e9nements.","breadcrumb":{"@id":"https:\/\/you-stiftung.de\/fr\/members-of-the-media\/#breadcrumb"},"inLanguage":"fr-FR","potentialAction":[{"@type":"ReadAction","target":["https:\/\/you-stiftung.de\/fr\/members-of-the-media\/"]}]},{"@type":"ImageObject","inLanguage":"fr-FR","@id":"https:\/\/you-stiftung.de\/fr\/members-of-the-media\/#primaryimage","url":"https:\/\/you-stiftung.de\/wp-content\/uploads\/2015\/07\/IMG_0456-e1484319539339.jpg","contentUrl":"https:\/\/you-stiftung.de\/wp-content\/uploads\/2015\/07\/IMG_0456-e1484319539339.jpg"},{"@type":"BreadcrumbList","@id":"https:\/\/you-stiftung.de\/fr\/members-of-the-media\/#breadcrumb","itemListElement":[{"@type":"ListItem","position":1,"name":"Home","item":"https:\/\/you-stiftung.de\/fr\/accueil-fr\/"},{"@type":"ListItem","position":2,"name":"Membres des m\u00e9dias"}]},{"@type":"WebSite","@id":"https:\/\/you-stiftung.de\/#website","url":"https:\/\/you-stiftung.de\/","name":"YOU Stiftung","description":"Bildung f\u00fcr Kinder in Not","publisher":{"@id":"https:\/\/you-stiftung.de\/#organization"},"potentialAction":[{"@type":"SearchAction","target":{"@type":"EntryPoint","urlTemplate":"https:\/\/you-stiftung.de\/?s={search_term_string}"},"query-input":{"@type":"PropertyValueSpecification","valueRequired":true,"valueName":"search_term_string"}}],"inLanguage":"fr-FR"},{"@type":"Organization","@id":"https:\/\/you-stiftung.de\/#organization","name":"YOU Stiftung","url":"https:\/\/you-stiftung.de\/","logo":{"@type":"ImageObject","inLanguage":"fr-FR","@id":"https:\/\/you-stiftung.de\/#\/schema\/logo\/image\/","url":"https:\/\/you-stiftung.de\/wp-content\/uploads\/2021\/02\/YOU_Logo_pos_RGB_deutsch_RZ.png","contentUrl":"https:\/\/you-stiftung.de\/wp-content\/uploads\/2021\/02\/YOU_Logo_pos_RGB_deutsch_RZ.png","width":729,"height":449,"caption":"YOU Stiftung"},"image":{"@id":"https:\/\/you-stiftung.de\/#\/schema\/logo\/image\/"},"sameAs":["https:\/\/www.facebook.com\/youstiftung","https:\/\/www.instagram.com\/youstiftung"]}]}},"_links":{"self":[{"href":"https:\/\/you-stiftung.de\/fr\/wp-json\/wp\/v2\/pages\/16679","targetHints":{"allow":["GET"]}}],"collection":[{"href":"https:\/\/you-stiftung.de\/fr\/wp-json\/wp\/v2\/pages"}],"about":[{"href":"https:\/\/you-stiftung.de\/fr\/wp-json\/wp\/v2\/types\/page"}],"author":[{"embeddable":true,"href":"https:\/\/you-stiftung.de\/fr\/wp-json\/wp\/v2\/users\/9"}],"replies":[{"embeddable":true,"href":"https:\/\/you-stiftung.de\/fr\/wp-json\/wp\/v2\/comments?post=16679"}],"version-history":[{"count":7,"href":"https:\/\/you-stiftung.de\/fr\/wp-json\/wp\/v2\/pages\/16679\/revisions"}],"predecessor-version":[{"id":21663,"href":"https:\/\/you-stiftung.de\/fr\/wp-json\/wp\/v2\/pages\/16679\/revisions\/21663"}],"wp:attachment":[{"href":"https:\/\/you-stiftung.de\/fr\/wp-json\/wp\/v2\/media?parent=16679"}],"curies":[{"name":"wp","href":"https:\/\/api.w.org\/{rel}","templated":true}]}}