{"id":16676,"date":"2015-07-15T12:12:12","date_gmt":"2015-07-15T10:12:12","guid":{"rendered":"https:\/\/you-charity.de\/?page_id=16676"},"modified":"2023-11-09T12:03:32","modified_gmt":"2023-11-09T11:03:32","slug":"mentions-legales","status":"publish","type":"page","link":"https:\/\/you-stiftung.de\/fr\/mentions-legales\/","title":{"rendered":"Mentions l\u00e9gales"},"content":{"rendered":"\n<h2 class=\"wp-block-heading\">Informations g\u00e9n\u00e9rales selon \u00a7 5 TMG :<\/h2>\n\n\n\n<h3 class=\"wp-block-heading\">Fournisseur:<\/h3>\n\n\n\n<p>YOU Fondation \u2013 Education pour Enfants en D\u00e9tresse<br>Grafenberger Allee 87<br>40237 Dusseldorf<br>Allemagne<\/p>\n\n\n\n<p>www.you-stiftung.de<\/p>\n\n\n\n<h3 class=\"wp-block-heading\">Contact:<\/h3>\n\n\n\n<p>T\u00e9l\u00e9phone : +49 (0)211 \u2013 61 11 33<br>T\u00e9l\u00e9fax : +49 (0)211 \u2013 94 25 99 72<br>Courriel : sekretariat@you-stiftung.de<\/p>\n\n\n\n<h3 class=\"wp-block-heading\">\u00c9quipe de gestion:<\/h3>\n\n\n\n<p>Gordon Pelz, Michael Ohoven, Nicolai Schwarzer<\/p>\n\n\n\n<h3 class=\"wp-block-heading\">Coordonn\u00e9es bancaires:<\/h3>\n\n\n\n<p>Commerzbank D\u00fcsseldorf<br>IBAN : DE72 3004 0000 0348 0100 00<br>Code BIC : COBADEFFXXX<\/p>\n\n\n\n<h3 class=\"wp-block-heading\"><strong>Num\u00e9ro d&rsquo;identification fiscale :<\/strong><\/h3>\n\n\n\n<h3 class=\"wp-block-heading\"><strong>133\/5910\/1950 VST<\/strong><\/h3>\n\n\n\n<p>Autorit\u00e9 de r\u00e9gulation : Bezirksregierung D\u00fcsseldorf<br>Hors TVA selon \u00a7 4 Nr. 22 Buchst. un UStG<\/p>\n\n\n\n<h5 class=\"wp-block-heading has-text-align-left\">Conception &amp; Webdesign :<br>ANDANDO<br>37 Cit\u00e9 CPI VDN, Dakar, Senegal<br>+221338274397<br>contact@andando.sn<\/h5>\n\n\n\n<p>Responsable du contenu selon \u00a7 55 Abs. 2 RStV&nbsp;:<br>Ces informations s&rsquo;appliquent \u00e9galement \u00e0 la&nbsp;pr\u00e9sence de la You&nbsp;Stiftung sur les r\u00e9seaux sociaux sur&nbsp;Facebook, Twitter et Instagram.<\/p>\n\n\n\n<p><strong>Cr\u00e9dits photo :<\/strong> Logan Abassi\/UNESCO, Aurora Ailincai\/UNESCO, Katy Anis\/UNESCO, Bisson B.\/UNESCO, Petrut Calinescu\/UNESCO, Don Bosco Mission, Marco Dormino\/UNESCO, GMR Akash\/UNESCO, Glenna Gordon\/UNESCO, Marc Hofer \/UNESCO, HOPE`87, Anwar Hossain\/UNESCO, Alejandra Vega Jaramillo\/UNESCO, Zhanat Kulenov\/UNESCO, Justin Mott\/UNESCO, Goerges Malempr\u00e9\/UNESCO, Dominique Roger\/UNESCO, Christof Sage, Linda Shen\/UNESCO, Rocco Stecher, Heinz S\u00fcnder, Jane Taylor\/UNESCO, Alexis N. Vorontzoff\/UNESCO<\/p>\n","protected":false},"excerpt":{"rendered":"<p>Informations g\u00e9n\u00e9rales selon \u00a7 5 TMG : Fournisseur: YOU Fondation \u2013 Education pour Enfants en D\u00e9tresseGrafenberger Allee 8740237 DusseldorfAllemagne www.you-stiftung.de Contact: T\u00e9l\u00e9phone : +49 (0)211 \u2013 61 11 33T\u00e9l\u00e9fax : +49 (0)211 \u2013 94 25 99 72Courriel : sekretariat@you-stiftung.de \u00c9quipe de gestion: Gordon Pelz, Michael Ohoven, Nicolai Schwarzer Coordonn\u00e9es bancaires: Commerzbank D\u00fcsseldorfIBAN : DE72 3004 [&hellip;]<\/p>\n","protected":false},"author":9,"featured_media":0,"parent":0,"menu_order":0,"comment_status":"closed","ping_status":"open","template":"","meta":{"footnotes":""},"class_list":["post-16676","page","type-page","status-publish","hentry"],"yoast_head":"<!-- This site is optimized with the Yoast SEO plugin v27.1.1 - https:\/\/yoast.com\/product\/yoast-seo-wordpress\/ -->\n<title>Mentions l\u00e9gales &#8211; You Stiftung<\/title>\n<meta name=\"robots\" content=\"index, follow, max-snippet:-1, max-image-preview:large, max-video-preview:-1\" \/>\n<link rel=\"canonical\" href=\"https:\/\/you-stiftung.de\/fr\/mentions-legales\/\" \/>\n<meta property=\"og:locale\" content=\"fr_FR\" \/>\n<meta property=\"og:type\" content=\"article\" \/>\n<meta property=\"og:title\" content=\"Mentions l\u00e9gales &#8211; You Stiftung\" \/>\n<meta property=\"og:description\" content=\"Informations g\u00e9n\u00e9rales selon \u00a7 5 TMG : Fournisseur: YOU Fondation \u2013 Education pour Enfants en D\u00e9tresseGrafenberger Allee 8740237 DusseldorfAllemagne www.you-stiftung.de Contact: T\u00e9l\u00e9phone : +49 (0)211 \u2013 61 11 33T\u00e9l\u00e9fax : +49 (0)211 \u2013 94 25 99 72Courriel : sekretariat@you-stiftung.de \u00c9quipe de gestion: Gordon Pelz, Michael Ohoven, Nicolai Schwarzer Coordonn\u00e9es bancaires: Commerzbank D\u00fcsseldorfIBAN : DE72 3004 [&hellip;]\" \/>\n<meta property=\"og:url\" content=\"https:\/\/you-stiftung.de\/fr\/mentions-legales\/\" \/>\n<meta property=\"og:site_name\" content=\"You Stiftung\" \/>\n<meta property=\"article:publisher\" content=\"https:\/\/www.facebook.com\/youstiftung\" \/>\n<meta property=\"article:modified_time\" content=\"2023-11-09T11:03:32+00:00\" \/>\n<meta name=\"twitter:card\" content=\"summary_large_image\" \/>\n<meta name=\"twitter:label1\" content=\"Dur\u00e9e de lecture estim\u00e9e\" \/>\n\t<meta name=\"twitter:data1\" content=\"1 minute\" \/>\n<script type=\"application\/ld+json\" class=\"yoast-schema-graph\">{\"@context\":\"https:\/\/schema.org\",\"@graph\":[{\"@type\":\"WebPage\",\"@id\":\"https:\/\/you-stiftung.de\/fr\/mentions-legales\/\",\"url\":\"https:\/\/you-stiftung.de\/fr\/mentions-legales\/\",\"name\":\"Mentions l\u00e9gales &#8211; You Stiftung\",\"isPartOf\":{\"@id\":\"https:\/\/you-stiftung.de\/#website\"},\"datePublished\":\"2015-07-15T10:12:12+00:00\",\"dateModified\":\"2023-11-09T11:03:32+00:00\",\"breadcrumb\":{\"@id\":\"https:\/\/you-stiftung.de\/fr\/mentions-legales\/#breadcrumb\"},\"inLanguage\":\"fr-FR\",\"potentialAction\":[{\"@type\":\"ReadAction\",\"target\":[\"https:\/\/you-stiftung.de\/fr\/mentions-legales\/\"]}]},{\"@type\":\"BreadcrumbList\",\"@id\":\"https:\/\/you-stiftung.de\/fr\/mentions-legales\/#breadcrumb\",\"itemListElement\":[{\"@type\":\"ListItem\",\"position\":1,\"name\":\"Home\",\"item\":\"https:\/\/you-stiftung.de\/fr\/accueil-fr\/\"},{\"@type\":\"ListItem\",\"position\":2,\"name\":\"Mentions l\u00e9gales\"}]},{\"@type\":\"WebSite\",\"@id\":\"https:\/\/you-stiftung.de\/#website\",\"url\":\"https:\/\/you-stiftung.de\/\",\"name\":\"YOU Stiftung\",\"description\":\"Bildung f\u00fcr Kinder in Not\",\"publisher\":{\"@id\":\"https:\/\/you-stiftung.de\/#organization\"},\"potentialAction\":[{\"@type\":\"SearchAction\",\"target\":{\"@type\":\"EntryPoint\",\"urlTemplate\":\"https:\/\/you-stiftung.de\/?s={search_term_string}\"},\"query-input\":{\"@type\":\"PropertyValueSpecification\",\"valueRequired\":true,\"valueName\":\"search_term_string\"}}],\"inLanguage\":\"fr-FR\"},{\"@type\":\"Organization\",\"@id\":\"https:\/\/you-stiftung.de\/#organization\",\"name\":\"YOU Stiftung\",\"url\":\"https:\/\/you-stiftung.de\/\",\"logo\":{\"@type\":\"ImageObject\",\"inLanguage\":\"fr-FR\",\"@id\":\"https:\/\/you-stiftung.de\/#\/schema\/logo\/image\/\",\"url\":\"https:\/\/you-stiftung.de\/wp-content\/uploads\/2021\/02\/YOU_Logo_pos_RGB_deutsch_RZ.png\",\"contentUrl\":\"https:\/\/you-stiftung.de\/wp-content\/uploads\/2021\/02\/YOU_Logo_pos_RGB_deutsch_RZ.png\",\"width\":729,\"height\":449,\"caption\":\"YOU Stiftung\"},\"image\":{\"@id\":\"https:\/\/you-stiftung.de\/#\/schema\/logo\/image\/\"},\"sameAs\":[\"https:\/\/www.facebook.com\/youstiftung\",\"https:\/\/www.instagram.com\/youstiftung\"]}]}<\/script>\n<!-- \/ Yoast SEO plugin. -->","yoast_head_json":{"title":"Mentions l\u00e9gales &#8211; You Stiftung","robots":{"index":"index","follow":"follow","max-snippet":"max-snippet:-1","max-image-preview":"max-image-preview:large","max-video-preview":"max-video-preview:-1"},"canonical":"https:\/\/you-stiftung.de\/fr\/mentions-legales\/","og_locale":"fr_FR","og_type":"article","og_title":"Mentions l\u00e9gales &#8211; You Stiftung","og_description":"Informations g\u00e9n\u00e9rales selon \u00a7 5 TMG : Fournisseur: YOU Fondation \u2013 Education pour Enfants en D\u00e9tresseGrafenberger Allee 8740237 DusseldorfAllemagne www.you-stiftung.de Contact: T\u00e9l\u00e9phone : +49 (0)211 \u2013 61 11 33T\u00e9l\u00e9fax : +49 (0)211 \u2013 94 25 99 72Courriel : sekretariat@you-stiftung.de \u00c9quipe de gestion: Gordon Pelz, Michael Ohoven, Nicolai Schwarzer Coordonn\u00e9es bancaires: Commerzbank D\u00fcsseldorfIBAN : DE72 3004 [&hellip;]","og_url":"https:\/\/you-stiftung.de\/fr\/mentions-legales\/","og_site_name":"You Stiftung","article_publisher":"https:\/\/www.facebook.com\/youstiftung","article_modified_time":"2023-11-09T11:03:32+00:00","twitter_card":"summary_large_image","twitter_misc":{"Dur\u00e9e de lecture estim\u00e9e":"1 minute"},"schema":{"@context":"https:\/\/schema.org","@graph":[{"@type":"WebPage","@id":"https:\/\/you-stiftung.de\/fr\/mentions-legales\/","url":"https:\/\/you-stiftung.de\/fr\/mentions-legales\/","name":"Mentions l\u00e9gales &#8211; You Stiftung","isPartOf":{"@id":"https:\/\/you-stiftung.de\/#website"},"datePublished":"2015-07-15T10:12:12+00:00","dateModified":"2023-11-09T11:03:32+00:00","breadcrumb":{"@id":"https:\/\/you-stiftung.de\/fr\/mentions-legales\/#breadcrumb"},"inLanguage":"fr-FR","potentialAction":[{"@type":"ReadAction","target":["https:\/\/you-stiftung.de\/fr\/mentions-legales\/"]}]},{"@type":"BreadcrumbList","@id":"https:\/\/you-stiftung.de\/fr\/mentions-legales\/#breadcrumb","itemListElement":[{"@type":"ListItem","position":1,"name":"Home","item":"https:\/\/you-stiftung.de\/fr\/accueil-fr\/"},{"@type":"ListItem","position":2,"name":"Mentions l\u00e9gales"}]},{"@type":"WebSite","@id":"https:\/\/you-stiftung.de\/#website","url":"https:\/\/you-stiftung.de\/","name":"YOU Stiftung","description":"Bildung f\u00fcr Kinder in Not","publisher":{"@id":"https:\/\/you-stiftung.de\/#organization"},"potentialAction":[{"@type":"SearchAction","target":{"@type":"EntryPoint","urlTemplate":"https:\/\/you-stiftung.de\/?s={search_term_string}"},"query-input":{"@type":"PropertyValueSpecification","valueRequired":true,"valueName":"search_term_string"}}],"inLanguage":"fr-FR"},{"@type":"Organization","@id":"https:\/\/you-stiftung.de\/#organization","name":"YOU Stiftung","url":"https:\/\/you-stiftung.de\/","logo":{"@type":"ImageObject","inLanguage":"fr-FR","@id":"https:\/\/you-stiftung.de\/#\/schema\/logo\/image\/","url":"https:\/\/you-stiftung.de\/wp-content\/uploads\/2021\/02\/YOU_Logo_pos_RGB_deutsch_RZ.png","contentUrl":"https:\/\/you-stiftung.de\/wp-content\/uploads\/2021\/02\/YOU_Logo_pos_RGB_deutsch_RZ.png","width":729,"height":449,"caption":"YOU Stiftung"},"image":{"@id":"https:\/\/you-stiftung.de\/#\/schema\/logo\/image\/"},"sameAs":["https:\/\/www.facebook.com\/youstiftung","https:\/\/www.instagram.com\/youstiftung"]}]}},"_links":{"self":[{"href":"https:\/\/you-stiftung.de\/fr\/wp-json\/wp\/v2\/pages\/16676","targetHints":{"allow":["GET"]}}],"collection":[{"href":"https:\/\/you-stiftung.de\/fr\/wp-json\/wp\/v2\/pages"}],"about":[{"href":"https:\/\/you-stiftung.de\/fr\/wp-json\/wp\/v2\/types\/page"}],"author":[{"embeddable":true,"href":"https:\/\/you-stiftung.de\/fr\/wp-json\/wp\/v2\/users\/9"}],"replies":[{"embeddable":true,"href":"https:\/\/you-stiftung.de\/fr\/wp-json\/wp\/v2\/comments?post=16676"}],"version-history":[{"count":10,"href":"https:\/\/you-stiftung.de\/fr\/wp-json\/wp\/v2\/pages\/16676\/revisions"}],"predecessor-version":[{"id":18885,"href":"https:\/\/you-stiftung.de\/fr\/wp-json\/wp\/v2\/pages\/16676\/revisions\/18885"}],"wp:attachment":[{"href":"https:\/\/you-stiftung.de\/fr\/wp-json\/wp\/v2\/media?parent=16676"}],"curies":[{"name":"wp","href":"https:\/\/api.w.org\/{rel}","templated":true}]}}