{"id":12244,"date":"2021-07-14T14:11:29","date_gmt":"2021-07-14T12:11:29","guid":{"rendered":"https:\/\/you-charity.de\/projets\/amerique-du-nord-et-latine\/"},"modified":"2025-05-22T03:39:10","modified_gmt":"2025-05-22T01:39:10","slug":"amerique-du-nord-et-latine","status":"publish","type":"page","link":"https:\/\/you-stiftung.de\/fr\/projets\/amerique-du-nord-et-latine\/","title":{"rendered":"Am\u00e9rique du Nord et Latine"},"content":{"rendered":"\t\t<div data-elementor-type=\"wp-page\" data-elementor-id=\"12244\" class=\"elementor elementor-12244 elementor-10681\" data-elementor-post-type=\"page\">\n\t\t\t\t\t\t<section class=\"elementor-section elementor-top-section elementor-element elementor-element-626d129 elementor-section-boxed elementor-section-height-default elementor-section-height-default\" data-id=\"626d129\" data-element_type=\"section\">\n\t\t\t\t\t\t<div class=\"elementor-container elementor-column-gap-default\">\n\t\t\t\t\t<div class=\"elementor-column elementor-col-25 elementor-top-column elementor-element elementor-element-2c54920\" data-id=\"2c54920\" data-element_type=\"column\">\n\t\t\t<div class=\"elementor-widget-wrap elementor-element-populated\">\n\t\t\t\t\t\t<div class=\"elementor-element elementor-element-21f7eec elementor-position-top elementor-widget elementor-widget-image-box\" data-id=\"21f7eec\" data-element_type=\"widget\" data-widget_type=\"image-box.default\">\n\t\t\t\t<div class=\"elementor-widget-container\">\n\t\t\t\t\t<div class=\"elementor-image-box-wrapper\"><figure class=\"elementor-image-box-img\"><a href=\"https:\/\/you-stiftung.de\/fr\/projets\/amerique-du-nord-et-latine\/bolivia\/\" tabindex=\"-1\"><img decoding=\"async\" src=\"https:\/\/you-stiftung.de\/wp-content\/uploads\/2021\/07\/bolivia.svg\" class=\"elementor-animation-shrink attachment-full size-full wp-image-12253\" alt=\"bolivia\" \/><\/a><\/figure><div class=\"elementor-image-box-content\"><h3 class=\"elementor-image-box-title\"><a href=\"https:\/\/you-stiftung.de\/fr\/projets\/amerique-du-nord-et-latine\/bolivia\/\">Bolivia<\/a><\/h3><\/div><\/div>\t\t\t\t<\/div>\n\t\t\t\t<\/div>\n\t\t\t\t\t<\/div>\n\t\t<\/div>\n\t\t\t\t<div class=\"elementor-column elementor-col-25 elementor-top-column elementor-element elementor-element-88d4693\" data-id=\"88d4693\" data-element_type=\"column\">\n\t\t\t<div class=\"elementor-widget-wrap elementor-element-populated\">\n\t\t\t\t\t\t<div class=\"elementor-element elementor-element-d0415d7 elementor-position-top elementor-widget elementor-widget-image-box\" data-id=\"d0415d7\" data-element_type=\"widget\" data-widget_type=\"image-box.default\">\n\t\t\t\t<div class=\"elementor-widget-container\">\n\t\t\t\t\t<div class=\"elementor-image-box-wrapper\"><figure class=\"elementor-image-box-img\"><a href=\"https:\/\/you-stiftung.de\/fr\/projets\/amerique-du-nord-et-latine\/bresil\/\" tabindex=\"-1\"><img decoding=\"async\" src=\"https:\/\/you-stiftung.de\/wp-content\/uploads\/2021\/07\/brazil.svg\" class=\"elementor-animation-shrink attachment-full size-full wp-image-12254\" alt=\"brazil\" \/><\/a><\/figure><div class=\"elementor-image-box-content\"><h3 class=\"elementor-image-box-title\"><a href=\"https:\/\/you-stiftung.de\/fr\/projets\/amerique-du-nord-et-latine\/bresil\/\">Br\u00e9sil<\/a><\/h3><\/div><\/div>\t\t\t\t<\/div>\n\t\t\t\t<\/div>\n\t\t\t\t\t<\/div>\n\t\t<\/div>\n\t\t\t\t<div class=\"elementor-column elementor-col-25 elementor-top-column elementor-element elementor-element-4ea242a\" data-id=\"4ea242a\" data-element_type=\"column\">\n\t\t\t<div class=\"elementor-widget-wrap elementor-element-populated\">\n\t\t\t\t\t\t<div class=\"elementor-element elementor-element-e0dec98 elementor-position-top elementor-widget elementor-widget-image-box\" data-id=\"e0dec98\" data-element_type=\"widget\" data-widget_type=\"image-box.default\">\n\t\t\t\t<div class=\"elementor-widget-container\">\n\t\t\t\t\t<div class=\"elementor-image-box-wrapper\"><figure class=\"elementor-image-box-img\"><a href=\"https:\/\/you-stiftung.de\/fr\/projets\/amerique-du-nord-et-latine\/haiti\/\" tabindex=\"-1\"><img decoding=\"async\" src=\"https:\/\/you-stiftung.de\/wp-content\/uploads\/2025\/05\/flag-for-flag-haiti-svgrepo-com.svg\" class=\"elementor-animation-shrink attachment-full size-full wp-image-24724\" alt=\"\" \/><\/a><\/figure><div class=\"elementor-image-box-content\"><h3 class=\"elementor-image-box-title\"><a href=\"https:\/\/you-stiftung.de\/fr\/projets\/amerique-du-nord-et-latine\/haiti\/\">Ha\u00efti<\/a><\/h3><\/div><\/div>\t\t\t\t<\/div>\n\t\t\t\t<\/div>\n\t\t\t\t\t<\/div>\n\t\t<\/div>\n\t\t\t\t<div class=\"elementor-column elementor-col-25 elementor-top-column elementor-element elementor-element-5f50b70\" data-id=\"5f50b70\" data-element_type=\"column\">\n\t\t\t<div class=\"elementor-widget-wrap elementor-element-populated\">\n\t\t\t\t\t\t<div class=\"elementor-element elementor-element-50d1b17 elementor-position-top elementor-widget elementor-widget-image-box\" data-id=\"50d1b17\" data-element_type=\"widget\" data-widget_type=\"image-box.default\">\n\t\t\t\t<div class=\"elementor-widget-container\">\n\t\t\t\t\t<div class=\"elementor-image-box-wrapper\"><figure class=\"elementor-image-box-img\"><a href=\"https:\/\/you-stiftung.de\/fr\/projets\/amerique-du-nord-et-latine\/perou\/\" tabindex=\"-1\"><img decoding=\"async\" src=\"https:\/\/you-stiftung.de\/wp-content\/uploads\/2021\/07\/peru.svg\" class=\"elementor-animation-shrink attachment-full size-full wp-image-12252\" alt=\"peru\" \/><\/a><\/figure><div class=\"elementor-image-box-content\"><h3 class=\"elementor-image-box-title\"><a href=\"https:\/\/you-stiftung.de\/fr\/projets\/amerique-du-nord-et-latine\/perou\/\">P\u00e9rou<\/a><\/h3><\/div><\/div>\t\t\t\t<\/div>\n\t\t\t\t<\/div>\n\t\t\t\t\t<\/div>\n\t\t<\/div>\n\t\t\t\t\t<\/div>\n\t\t<\/section>\n\t\t\t\t<section class=\"elementor-section elementor-top-section elementor-element elementor-element-954cbb0 elementor-section-boxed elementor-section-height-default elementor-section-height-default\" data-id=\"954cbb0\" data-element_type=\"section\">\n\t\t\t\t\t\t<div class=\"elementor-container elementor-column-gap-default\">\n\t\t\t\t\t<div class=\"elementor-column elementor-col-100 elementor-top-column elementor-element elementor-element-0114b67\" data-id=\"0114b67\" data-element_type=\"column\">\n\t\t\t<div class=\"elementor-widget-wrap elementor-element-populated\">\n\t\t\t\t\t\t<div class=\"elementor-element elementor-element-1ef7527 elementor-widget elementor-widget-spacer\" data-id=\"1ef7527\" data-element_type=\"widget\" data-widget_type=\"spacer.default\">\n\t\t\t\t<div class=\"elementor-widget-container\">\n\t\t\t\t\t\t\t<div class=\"elementor-spacer\">\n\t\t\t<div class=\"elementor-spacer-inner\"><\/div>\n\t\t<\/div>\n\t\t\t\t\t\t<\/div>\n\t\t\t\t<\/div>\n\t\t\t\t\t<\/div>\n\t\t<\/div>\n\t\t\t\t\t<\/div>\n\t\t<\/section>\n\t\t\t\t<section class=\"elementor-section elementor-top-section elementor-element elementor-element-43b1984a elementor-section-stretched elementor-section-boxed elementor-section-height-default elementor-section-height-default\" data-id=\"43b1984a\" data-element_type=\"section\" data-settings=\"{&quot;background_background&quot;:&quot;classic&quot;,&quot;stretch_section&quot;:&quot;section-stretched&quot;}\">\n\t\t\t\t\t\t<div class=\"elementor-container elementor-column-gap-default\">\n\t\t\t\t\t<div class=\"elementor-column elementor-col-50 elementor-top-column elementor-element elementor-element-63f12039\" data-id=\"63f12039\" data-element_type=\"column\">\n\t\t\t<div class=\"elementor-widget-wrap elementor-element-populated\">\n\t\t\t\t\t\t<div class=\"elementor-element elementor-element-3cbf3cbf elementor-widget elementor-widget-ova_heading\" data-id=\"3cbf3cbf\" data-element_type=\"widget\" data-widget_type=\"ova_heading.default\">\n\t\t\t\t<div class=\"elementor-widget-container\">\n\t\t\t\t\t\t\t<div class=\"ova-heading\">\n\n\t\t\t\t\t\t\t<h4 class=\"sub_title thrid_font\">Help Now<\/h4>\n\t\t\t\t\t\t\n\t\t\t\t\t\t\t<h2 class=\"title second_font\">We use your donation directly where help is most urgently needed.<\/h2>\n\t\t\t\n\t\t\t\n\t\t<\/div>\n\t\t\t\t\t\t<\/div>\n\t\t\t\t<\/div>\n\t\t\t\t\t<\/div>\n\t\t<\/div>\n\t\t\t\t<div class=\"elementor-column elementor-col-50 elementor-top-column elementor-element elementor-element-579cb402\" data-id=\"579cb402\" data-element_type=\"column\">\n\t\t\t<div class=\"elementor-widget-wrap elementor-element-populated\">\n\t\t\t\t\t\t<div class=\"elementor-element elementor-element-7609e1ce elementor-align-center elementor-tablet-align-center elementor-widget elementor-widget-button\" data-id=\"7609e1ce\" data-element_type=\"widget\" data-widget_type=\"button.default\">\n\t\t\t\t<div class=\"elementor-widget-container\">\n\t\t\t\t\t\t\t\t\t<div class=\"elementor-button-wrapper\">\n\t\t\t\t\t<a class=\"elementor-button elementor-button-link elementor-size-md\" href=\"https:\/\/you-stiftung.de\/fr\/aider-maintenant\/\">\n\t\t\t\t\t\t<span class=\"elementor-button-content-wrapper\">\n\t\t\t\t\t\t\t\t\t<span class=\"elementor-button-text\">Impliquez-vous maintenant<\/span>\n\t\t\t\t\t<\/span>\n\t\t\t\t\t<\/a>\n\t\t\t\t<\/div>\n\t\t\t\t\t\t\t\t<\/div>\n\t\t\t\t<\/div>\n\t\t\t\t\t<\/div>\n\t\t<\/div>\n\t\t\t\t\t<\/div>\n\t\t<\/section>\n\t\t\t\t<\/div>\n\t\t","protected":false},"excerpt":{"rendered":"<p>Bolivia Br\u00e9sil Ha\u00efti P\u00e9rou Help Now We use your donation directly where help is most urgently needed. Impliquez-vous maintenant<\/p>\n","protected":false},"author":18,"featured_media":0,"parent":11973,"menu_order":0,"comment_status":"closed","ping_status":"closed","template":"","meta":{"footnotes":""},"class_list":["post-12244","page","type-page","status-publish","hentry"],"yoast_head":"<!-- This site is optimized with the Yoast SEO plugin v27.4 - https:\/\/yoast.com\/product\/yoast-seo-wordpress\/ -->\n<title>Am\u00e9rique du Nord et Latine &#8211; You Stiftung<\/title>\n<meta name=\"robots\" content=\"index, follow, max-snippet:-1, max-image-preview:large, max-video-preview:-1\" \/>\n<link rel=\"canonical\" href=\"https:\/\/you-stiftung.de\/fr\/projets\/amerique-du-nord-et-latine\/\" \/>\n<meta property=\"og:locale\" content=\"fr_FR\" \/>\n<meta property=\"og:type\" content=\"article\" \/>\n<meta property=\"og:title\" content=\"Am\u00e9rique du Nord et Latine &#8211; You Stiftung\" \/>\n<meta property=\"og:description\" content=\"Bolivia Br\u00e9sil Ha\u00efti P\u00e9rou Help Now We use your donation directly where help is most urgently needed. Impliquez-vous maintenant\" \/>\n<meta property=\"og:url\" content=\"https:\/\/you-stiftung.de\/fr\/projets\/amerique-du-nord-et-latine\/\" \/>\n<meta property=\"og:site_name\" content=\"You Stiftung\" \/>\n<meta property=\"article:publisher\" content=\"https:\/\/www.facebook.com\/youstiftung\" \/>\n<meta property=\"article:modified_time\" content=\"2025-05-22T01:39:10+00:00\" \/>\n<meta name=\"twitter:card\" content=\"summary_large_image\" \/>\n<meta name=\"twitter:label1\" content=\"Dur\u00e9e de lecture estim\u00e9e\" \/>\n\t<meta name=\"twitter:data1\" content=\"1 minute\" \/>\n<script type=\"application\/ld+json\" class=\"yoast-schema-graph\">{\"@context\":\"https:\\\/\\\/schema.org\",\"@graph\":[{\"@type\":\"WebPage\",\"@id\":\"https:\\\/\\\/you-stiftung.de\\\/fr\\\/projets\\\/amerique-du-nord-et-latine\\\/\",\"url\":\"https:\\\/\\\/you-stiftung.de\\\/fr\\\/projets\\\/amerique-du-nord-et-latine\\\/\",\"name\":\"Am\u00e9rique du Nord et Latine &#8211; You Stiftung\",\"isPartOf\":{\"@id\":\"https:\\\/\\\/you-stiftung.de\\\/#website\"},\"primaryImageOfPage\":{\"@id\":\"https:\\\/\\\/you-stiftung.de\\\/fr\\\/projets\\\/amerique-du-nord-et-latine\\\/#primaryimage\"},\"image\":{\"@id\":\"https:\\\/\\\/you-stiftung.de\\\/fr\\\/projets\\\/amerique-du-nord-et-latine\\\/#primaryimage\"},\"thumbnailUrl\":\"https:\\\/\\\/you-stiftung.de\\\/wp-content\\\/uploads\\\/2021\\\/07\\\/bolivia.svg\",\"datePublished\":\"2021-07-14T12:11:29+00:00\",\"dateModified\":\"2025-05-22T01:39:10+00:00\",\"breadcrumb\":{\"@id\":\"https:\\\/\\\/you-stiftung.de\\\/fr\\\/projets\\\/amerique-du-nord-et-latine\\\/#breadcrumb\"},\"inLanguage\":\"fr-FR\",\"potentialAction\":[{\"@type\":\"ReadAction\",\"target\":[\"https:\\\/\\\/you-stiftung.de\\\/fr\\\/projets\\\/amerique-du-nord-et-latine\\\/\"]}]},{\"@type\":\"ImageObject\",\"inLanguage\":\"fr-FR\",\"@id\":\"https:\\\/\\\/you-stiftung.de\\\/fr\\\/projets\\\/amerique-du-nord-et-latine\\\/#primaryimage\",\"url\":\"https:\\\/\\\/you-stiftung.de\\\/wp-content\\\/uploads\\\/2021\\\/07\\\/bolivia.svg\",\"contentUrl\":\"https:\\\/\\\/you-stiftung.de\\\/wp-content\\\/uploads\\\/2021\\\/07\\\/bolivia.svg\"},{\"@type\":\"BreadcrumbList\",\"@id\":\"https:\\\/\\\/you-stiftung.de\\\/fr\\\/projets\\\/amerique-du-nord-et-latine\\\/#breadcrumb\",\"itemListElement\":[{\"@type\":\"ListItem\",\"position\":1,\"name\":\"Home\",\"item\":\"https:\\\/\\\/you-stiftung.de\\\/fr\\\/accueil-fr\\\/\"},{\"@type\":\"ListItem\",\"position\":2,\"name\":\"Projets\",\"item\":\"https:\\\/\\\/you-stiftung.de\\\/fr\\\/projets\\\/\"},{\"@type\":\"ListItem\",\"position\":3,\"name\":\"Am\u00e9rique du Nord et Latine\"}]},{\"@type\":\"WebSite\",\"@id\":\"https:\\\/\\\/you-stiftung.de\\\/#website\",\"url\":\"https:\\\/\\\/you-stiftung.de\\\/\",\"name\":\"YOU Stiftung\",\"description\":\"Bildung f\u00fcr Kinder in Not\",\"publisher\":{\"@id\":\"https:\\\/\\\/you-stiftung.de\\\/#organization\"},\"potentialAction\":[{\"@type\":\"SearchAction\",\"target\":{\"@type\":\"EntryPoint\",\"urlTemplate\":\"https:\\\/\\\/you-stiftung.de\\\/?s={search_term_string}\"},\"query-input\":{\"@type\":\"PropertyValueSpecification\",\"valueRequired\":true,\"valueName\":\"search_term_string\"}}],\"inLanguage\":\"fr-FR\"},{\"@type\":\"Organization\",\"@id\":\"https:\\\/\\\/you-stiftung.de\\\/#organization\",\"name\":\"YOU Stiftung\",\"url\":\"https:\\\/\\\/you-stiftung.de\\\/\",\"logo\":{\"@type\":\"ImageObject\",\"inLanguage\":\"fr-FR\",\"@id\":\"https:\\\/\\\/you-stiftung.de\\\/#\\\/schema\\\/logo\\\/image\\\/\",\"url\":\"https:\\\/\\\/you-stiftung.de\\\/wp-content\\\/uploads\\\/2021\\\/02\\\/YOU_Logo_pos_RGB_deutsch_RZ.png\",\"contentUrl\":\"https:\\\/\\\/you-stiftung.de\\\/wp-content\\\/uploads\\\/2021\\\/02\\\/YOU_Logo_pos_RGB_deutsch_RZ.png\",\"width\":729,\"height\":449,\"caption\":\"YOU Stiftung\"},\"image\":{\"@id\":\"https:\\\/\\\/you-stiftung.de\\\/#\\\/schema\\\/logo\\\/image\\\/\"},\"sameAs\":[\"https:\\\/\\\/www.facebook.com\\\/youstiftung\",\"https:\\\/\\\/www.instagram.com\\\/youstiftung\"]}]}<\/script>\n<!-- \/ Yoast SEO plugin. -->","yoast_head_json":{"title":"Am\u00e9rique du Nord et Latine &#8211; You Stiftung","robots":{"index":"index","follow":"follow","max-snippet":"max-snippet:-1","max-image-preview":"max-image-preview:large","max-video-preview":"max-video-preview:-1"},"canonical":"https:\/\/you-stiftung.de\/fr\/projets\/amerique-du-nord-et-latine\/","og_locale":"fr_FR","og_type":"article","og_title":"Am\u00e9rique du Nord et Latine &#8211; You Stiftung","og_description":"Bolivia Br\u00e9sil Ha\u00efti P\u00e9rou Help Now We use your donation directly where help is most urgently needed. Impliquez-vous maintenant","og_url":"https:\/\/you-stiftung.de\/fr\/projets\/amerique-du-nord-et-latine\/","og_site_name":"You Stiftung","article_publisher":"https:\/\/www.facebook.com\/youstiftung","article_modified_time":"2025-05-22T01:39:10+00:00","twitter_card":"summary_large_image","twitter_misc":{"Dur\u00e9e de lecture estim\u00e9e":"1 minute"},"schema":{"@context":"https:\/\/schema.org","@graph":[{"@type":"WebPage","@id":"https:\/\/you-stiftung.de\/fr\/projets\/amerique-du-nord-et-latine\/","url":"https:\/\/you-stiftung.de\/fr\/projets\/amerique-du-nord-et-latine\/","name":"Am\u00e9rique du Nord et Latine &#8211; You Stiftung","isPartOf":{"@id":"https:\/\/you-stiftung.de\/#website"},"primaryImageOfPage":{"@id":"https:\/\/you-stiftung.de\/fr\/projets\/amerique-du-nord-et-latine\/#primaryimage"},"image":{"@id":"https:\/\/you-stiftung.de\/fr\/projets\/amerique-du-nord-et-latine\/#primaryimage"},"thumbnailUrl":"https:\/\/you-stiftung.de\/wp-content\/uploads\/2021\/07\/bolivia.svg","datePublished":"2021-07-14T12:11:29+00:00","dateModified":"2025-05-22T01:39:10+00:00","breadcrumb":{"@id":"https:\/\/you-stiftung.de\/fr\/projets\/amerique-du-nord-et-latine\/#breadcrumb"},"inLanguage":"fr-FR","potentialAction":[{"@type":"ReadAction","target":["https:\/\/you-stiftung.de\/fr\/projets\/amerique-du-nord-et-latine\/"]}]},{"@type":"ImageObject","inLanguage":"fr-FR","@id":"https:\/\/you-stiftung.de\/fr\/projets\/amerique-du-nord-et-latine\/#primaryimage","url":"https:\/\/you-stiftung.de\/wp-content\/uploads\/2021\/07\/bolivia.svg","contentUrl":"https:\/\/you-stiftung.de\/wp-content\/uploads\/2021\/07\/bolivia.svg"},{"@type":"BreadcrumbList","@id":"https:\/\/you-stiftung.de\/fr\/projets\/amerique-du-nord-et-latine\/#breadcrumb","itemListElement":[{"@type":"ListItem","position":1,"name":"Home","item":"https:\/\/you-stiftung.de\/fr\/accueil-fr\/"},{"@type":"ListItem","position":2,"name":"Projets","item":"https:\/\/you-stiftung.de\/fr\/projets\/"},{"@type":"ListItem","position":3,"name":"Am\u00e9rique du Nord et Latine"}]},{"@type":"WebSite","@id":"https:\/\/you-stiftung.de\/#website","url":"https:\/\/you-stiftung.de\/","name":"YOU Stiftung","description":"Bildung f\u00fcr Kinder in Not","publisher":{"@id":"https:\/\/you-stiftung.de\/#organization"},"potentialAction":[{"@type":"SearchAction","target":{"@type":"EntryPoint","urlTemplate":"https:\/\/you-stiftung.de\/?s={search_term_string}"},"query-input":{"@type":"PropertyValueSpecification","valueRequired":true,"valueName":"search_term_string"}}],"inLanguage":"fr-FR"},{"@type":"Organization","@id":"https:\/\/you-stiftung.de\/#organization","name":"YOU Stiftung","url":"https:\/\/you-stiftung.de\/","logo":{"@type":"ImageObject","inLanguage":"fr-FR","@id":"https:\/\/you-stiftung.de\/#\/schema\/logo\/image\/","url":"https:\/\/you-stiftung.de\/wp-content\/uploads\/2021\/02\/YOU_Logo_pos_RGB_deutsch_RZ.png","contentUrl":"https:\/\/you-stiftung.de\/wp-content\/uploads\/2021\/02\/YOU_Logo_pos_RGB_deutsch_RZ.png","width":729,"height":449,"caption":"YOU Stiftung"},"image":{"@id":"https:\/\/you-stiftung.de\/#\/schema\/logo\/image\/"},"sameAs":["https:\/\/www.facebook.com\/youstiftung","https:\/\/www.instagram.com\/youstiftung"]}]}},"_links":{"self":[{"href":"https:\/\/you-stiftung.de\/fr\/wp-json\/wp\/v2\/pages\/12244","targetHints":{"allow":["GET"]}}],"collection":[{"href":"https:\/\/you-stiftung.de\/fr\/wp-json\/wp\/v2\/pages"}],"about":[{"href":"https:\/\/you-stiftung.de\/fr\/wp-json\/wp\/v2\/types\/page"}],"author":[{"embeddable":true,"href":"https:\/\/you-stiftung.de\/fr\/wp-json\/wp\/v2\/users\/18"}],"replies":[{"embeddable":true,"href":"https:\/\/you-stiftung.de\/fr\/wp-json\/wp\/v2\/comments?post=12244"}],"version-history":[{"count":15,"href":"https:\/\/you-stiftung.de\/fr\/wp-json\/wp\/v2\/pages\/12244\/revisions"}],"predecessor-version":[{"id":24740,"href":"https:\/\/you-stiftung.de\/fr\/wp-json\/wp\/v2\/pages\/12244\/revisions\/24740"}],"up":[{"embeddable":true,"href":"https:\/\/you-stiftung.de\/fr\/wp-json\/wp\/v2\/pages\/11973"}],"wp:attachment":[{"href":"https:\/\/you-stiftung.de\/fr\/wp-json\/wp\/v2\/media?parent=12244"}],"curies":[{"name":"wp","href":"https:\/\/api.w.org\/{rel}","templated":true}]}}